{"id":500,"date":"2020-01-28T23:21:32","date_gmt":"2020-01-28T23:21:32","guid":{"rendered":"http:\/\/192.241.170.212\/contenido\/?page_id=500"},"modified":"2020-01-28T23:21:32","modified_gmt":"2020-01-28T23:21:32","slug":"noticias","status":"publish","type":"page","link":"https:\/\/amnistia.mx\/contenido\/index.php\/noticias\/","title":{"rendered":"NOTICIAS"},"content":{"rendered":"\t\t<div data-elementor-type=\"wp-page\" data-elementor-id=\"500\" class=\"elementor elementor-500\" data-elementor-post-type=\"page\">\n\t\t\t\t\t\t<section class=\"elementor-section elementor-top-section elementor-element elementor-element-775cb3f3 elementor-section-stretched elementor-section-boxed elementor-section-height-default elementor-section-height-default\" data-id=\"775cb3f3\" data-element_type=\"section\" data-settings=\"{&quot;background_background&quot;:&quot;classic&quot;,&quot;stretch_section&quot;:&quot;section-stretched&quot;}\">\n\t\t\t\t\t\t<div class=\"elementor-container elementor-column-gap-default\">\n\t\t\t\t\t<div class=\"elementor-column elementor-col-100 elementor-top-column elementor-element elementor-element-68bd83a0\" data-id=\"68bd83a0\" data-element_type=\"column\">\n\t\t\t<div class=\"elementor-widget-wrap elementor-element-populated\">\n\t\t\t\t\t\t<div class=\"elementor-element elementor-element-13d99be2 elementor-widget elementor-widget-spacer\" data-id=\"13d99be2\" data-element_type=\"widget\" data-widget_type=\"spacer.default\">\n\t\t\t\t\t\t\t<div class=\"elementor-spacer\">\n\t\t\t<div class=\"elementor-spacer-inner\"><\/div>\n\t\t<\/div>\n\t\t\t\t\t\t<\/div>\n\t\t\t\t<div class=\"elementor-element elementor-element-42e8a659 elementor-widget elementor-widget-spacer\" data-id=\"42e8a659\" data-element_type=\"widget\" data-widget_type=\"spacer.default\">\n\t\t\t\t\t\t\t<div class=\"elementor-spacer\">\n\t\t\t<div class=\"elementor-spacer-inner\"><\/div>\n\t\t<\/div>\n\t\t\t\t\t\t<\/div>\n\t\t\t\t\t<\/div>\n\t\t<\/div>\n\t\t\t\t\t<\/div>\n\t\t<\/section>\n\t\t\t\t<section class=\"elementor-section elementor-top-section elementor-element elementor-element-9352a5f animated-fast elementor-section-boxed elementor-section-height-default elementor-section-height-default elementor-invisible\" data-id=\"9352a5f\" data-element_type=\"section\" data-settings=\"{&quot;animation&quot;:&quot;fadeInUp&quot;}\">\n\t\t\t\t\t\t<div class=\"elementor-container elementor-column-gap-default\">\n\t\t\t\t\t<div class=\"elementor-column elementor-col-100 elementor-top-column elementor-element elementor-element-63779e9\" data-id=\"63779e9\" data-element_type=\"column\">\n\t\t\t<div class=\"elementor-widget-wrap elementor-element-populated\">\n\t\t\t\t\t\t<div class=\"elementor-element elementor-element-a54302a elementor-posts__hover-none elementor-grid-3 elementor-grid-tablet-2 elementor-grid-mobile-1 elementor-posts--thumbnail-top elementor-card-shadow-yes elementor-invisible elementor-widget elementor-widget-posts\" data-id=\"a54302a\" data-element_type=\"widget\" data-settings=\"{&quot;pagination_type&quot;:&quot;numbers_and_prev_next&quot;,&quot;_animation&quot;:&quot;slideInUp&quot;,&quot;cards_row_gap&quot;:{&quot;unit&quot;:&quot;px&quot;,&quot;size&quot;:39,&quot;sizes&quot;:[]},&quot;cards_columns&quot;:&quot;3&quot;,&quot;cards_columns_tablet&quot;:&quot;2&quot;,&quot;cards_columns_mobile&quot;:&quot;1&quot;,&quot;cards_row_gap_tablet&quot;:{&quot;unit&quot;:&quot;px&quot;,&quot;size&quot;:&quot;&quot;,&quot;sizes&quot;:[]},&quot;cards_row_gap_mobile&quot;:{&quot;unit&quot;:&quot;px&quot;,&quot;size&quot;:&quot;&quot;,&quot;sizes&quot;:[]}}\" data-widget_type=\"posts.cards\">\n\t\t\t\t<div class=\"elementor-widget-container\">\n\t\t\t\t\t\t\t<div class=\"elementor-posts-container elementor-posts elementor-posts--skin-cards elementor-grid\" role=\"list\">\n\t\t\t\t<article class=\"elementor-post elementor-grid-item post-40210 post type-post status-publish format-standard hentry category-blog\" role=\"listitem\">\n\t\t\t<div class=\"elementor-post__card\">\n\t\t\t\t<div class=\"elementor-post__text\">\n\t\t\t\t<h3 class=\"elementor-post__title\">\n\t\t\t<a href=\"https:\/\/amnistia.mx\/contenido\/index.php\/prueba-3\/\" >\n\t\t\t\tPRUEBA\t\t\t<\/a>\n\t\t<\/h3>\n\t\t\t\t<div class=\"elementor-post__excerpt\">\n\t\t\t\t\t<\/div>\n\t\t\n\t\t<a class=\"elementor-post__read-more\" href=\"https:\/\/amnistia.mx\/contenido\/index.php\/prueba-3\/\" aria-label=\"Read more about PRUEBA\" tabindex=\"-1\" >\n\t\t\tLeer m\u00e1s\t\t<\/a>\n\n\t\t\t\t<\/div>\n\t\t\t\t<div class=\"elementor-post__meta-data\">\n\t\t\t\t\t<span class=\"elementor-post-date\">\n\t\t\t22 septiembre, 2025\t\t<\/span>\n\t\t\t\t<\/div>\n\t\t\t\t\t<\/div>\n\t\t<\/article>\n\t\t\t\t<article class=\"elementor-post elementor-grid-item post-1665 post type-post status-publish format-standard has-post-thumbnail hentry category-blog tag-por-amnistia-internacional\" role=\"listitem\">\n\t\t\t<div class=\"elementor-post__card\">\n\t\t\t\t<a class=\"elementor-post__thumbnail__link\" href=\"https:\/\/amnistia.mx\/contenido\/index.php\/estas-mujeres-audaces-nos-demuestran-por-que-todavia-es-necesario-el-dia-internacional-de-la-mujer\/\" tabindex=\"-1\" ><div class=\"elementor-post__thumbnail\"><img fetchpriority=\"high\" decoding=\"async\" width=\"300\" height=\"200\" src=\"https:\/\/amnistia.mx\/contenido\/wp-content\/uploads\/2020\/02\/Polonia-300x200.jpg\" class=\"attachment-medium size-medium wp-image-1666\" alt=\"\" srcset=\"https:\/\/amnistia.mx\/contenido\/wp-content\/uploads\/2020\/02\/Polonia-300x200.jpg 300w, https:\/\/amnistia.mx\/contenido\/wp-content\/uploads\/2020\/02\/Polonia-1024x683.jpg 1024w, https:\/\/amnistia.mx\/contenido\/wp-content\/uploads\/2020\/02\/Polonia-768x512.jpg 768w, https:\/\/amnistia.mx\/contenido\/wp-content\/uploads\/2020\/02\/Polonia.jpg 1350w\" sizes=\"(max-width: 300px) 100vw, 300px\" \/><\/div><\/a>\n\t\t\t\t<div class=\"elementor-post__badge\">Por Amnist\u00eda Internacional<\/div>\n\t\t\t\t<div class=\"elementor-post__text\">\n\t\t\t\t<h3 class=\"elementor-post__title\">\n\t\t\t<a href=\"https:\/\/amnistia.mx\/contenido\/index.php\/estas-mujeres-audaces-nos-demuestran-por-que-todavia-es-necesario-el-dia-internacional-de-la-mujer\/\" >\n\t\t\t\tEstas mujeres audaces nos demuestran por qu\u00e9 todav\u00eda es necesario el D\u00eda Internacional de la Mujer\t\t\t<\/a>\n\t\t<\/h3>\n\t\t\t\t<div class=\"elementor-post__excerpt\">\n\t\t\t<p>Han pasado m\u00e1s de 40 a\u00f1os desde que la ONU eligi\u00f3 el d\u00eda 8 de marzo para celebrar<\/p>\n\t\t<\/div>\n\t\t\n\t\t<a class=\"elementor-post__read-more\" href=\"https:\/\/amnistia.mx\/contenido\/index.php\/estas-mujeres-audaces-nos-demuestran-por-que-todavia-es-necesario-el-dia-internacional-de-la-mujer\/\" aria-label=\"Read more about Estas mujeres audaces nos demuestran por qu\u00e9 todav\u00eda es necesario el D\u00eda Internacional de la Mujer\" tabindex=\"-1\" >\n\t\t\tLeer m\u00e1s\t\t<\/a>\n\n\t\t\t\t<\/div>\n\t\t\t\t<div class=\"elementor-post__meta-data\">\n\t\t\t\t\t<span class=\"elementor-post-date\">\n\t\t\t11 febrero, 2020\t\t<\/span>\n\t\t\t\t<\/div>\n\t\t\t\t\t<\/div>\n\t\t<\/article>\n\t\t\t\t<article class=\"elementor-post elementor-grid-item post-1662 post type-post status-publish format-standard has-post-thumbnail hentry category-blog tag-por-amnistia-internacional\" role=\"listitem\">\n\t\t\t<div class=\"elementor-post__card\">\n\t\t\t\t<a class=\"elementor-post__thumbnail__link\" href=\"https:\/\/amnistia.mx\/contenido\/index.php\/asi-es-como-el-activismo-de-derechos-humanos-consigue-cambiar-vidas\/\" tabindex=\"-1\" ><div class=\"elementor-post__thumbnail\"><img decoding=\"async\" width=\"300\" height=\"200\" src=\"https:\/\/amnistia.mx\/contenido\/wp-content\/uploads\/2020\/02\/Teodora-300x200.jpg\" class=\"attachment-medium size-medium wp-image-1668\" alt=\"\" srcset=\"https:\/\/amnistia.mx\/contenido\/wp-content\/uploads\/2020\/02\/Teodora-300x200.jpg 300w, https:\/\/amnistia.mx\/contenido\/wp-content\/uploads\/2020\/02\/Teodora-1024x683.jpg 1024w, https:\/\/amnistia.mx\/contenido\/wp-content\/uploads\/2020\/02\/Teodora-768x512.jpg 768w, https:\/\/amnistia.mx\/contenido\/wp-content\/uploads\/2020\/02\/Teodora.jpg 1350w\" sizes=\"(max-width: 300px) 100vw, 300px\" \/><\/div><\/a>\n\t\t\t\t<div class=\"elementor-post__badge\">Por Amnist\u00eda Internacional<\/div>\n\t\t\t\t<div class=\"elementor-post__text\">\n\t\t\t\t<h3 class=\"elementor-post__title\">\n\t\t\t<a href=\"https:\/\/amnistia.mx\/contenido\/index.php\/asi-es-como-el-activismo-de-derechos-humanos-consigue-cambiar-vidas\/\" >\n\t\t\t\tAs\u00ed es c\u00f3mo el activismo de derechos humanos consigue cambiar vidas\t\t\t<\/a>\n\t\t<\/h3>\n\t\t\t\t<div class=\"elementor-post__excerpt\">\n\t\t\t<p>Hasta ahora ha sido un gran a\u00f1o en conquistas de derechos humanos. Y a\u00fan estamos en julio. Te<\/p>\n\t\t<\/div>\n\t\t\n\t\t<a class=\"elementor-post__read-more\" href=\"https:\/\/amnistia.mx\/contenido\/index.php\/asi-es-como-el-activismo-de-derechos-humanos-consigue-cambiar-vidas\/\" aria-label=\"Read more about As\u00ed es c\u00f3mo el activismo de derechos humanos consigue cambiar vidas\" tabindex=\"-1\" >\n\t\t\tLeer m\u00e1s\t\t<\/a>\n\n\t\t\t\t<\/div>\n\t\t\t\t<div class=\"elementor-post__meta-data\">\n\t\t\t\t\t<span class=\"elementor-post-date\">\n\t\t\t11 febrero, 2020\t\t<\/span>\n\t\t\t\t<\/div>\n\t\t\t\t\t<\/div>\n\t\t<\/article>\n\t\t\t\t<\/div>\n\t\t\n\t\t\t\t\t\t<\/div>\n\t\t\t\t<\/div>\n\t\t\t\t\t<\/div>\n\t\t<\/div>\n\t\t\t\t\t<\/div>\n\t\t<\/section>\n\t\t\t\t<\/div>\n\t\t","protected":false},"excerpt":{"rendered":"","protected":false},"author":1,"featured_media":1630,"parent":0,"menu_order":0,"comment_status":"closed","ping_status":"closed","template":"","meta":{"footnotes":""},"class_list":["post-500","page","type-page","status-publish","has-post-thumbnail","hentry"],"_links":{"self":[{"href":"https:\/\/amnistia.mx\/contenido\/index.php\/wp-json\/wp\/v2\/pages\/500","targetHints":{"allow":["GET"]}}],"collection":[{"href":"https:\/\/amnistia.mx\/contenido\/index.php\/wp-json\/wp\/v2\/pages"}],"about":[{"href":"https:\/\/amnistia.mx\/contenido\/index.php\/wp-json\/wp\/v2\/types\/page"}],"author":[{"embeddable":true,"href":"https:\/\/amnistia.mx\/contenido\/index.php\/wp-json\/wp\/v2\/users\/1"}],"replies":[{"embeddable":true,"href":"https:\/\/amnistia.mx\/contenido\/index.php\/wp-json\/wp\/v2\/comments?post=500"}],"version-history":[{"count":0,"href":"https:\/\/amnistia.mx\/contenido\/index.php\/wp-json\/wp\/v2\/pages\/500\/revisions"}],"wp:featuredmedia":[{"embeddable":true,"href":"https:\/\/amnistia.mx\/contenido\/index.php\/wp-json\/wp\/v2\/media\/1630"}],"wp:attachment":[{"href":"https:\/\/amnistia.mx\/contenido\/index.php\/wp-json\/wp\/v2\/media?parent=500"}],"curies":[{"name":"wp","href":"https:\/\/api.w.org\/{rel}","templated":true}]}}